{"id":1922,"date":"2023-05-24T17:48:35","date_gmt":"2023-05-24T15:48:35","guid":{"rendered":"https:\/\/lokart.hu\/?page_id=1922"},"modified":"2023-08-04T14:46:38","modified_gmt":"2023-08-04T12:46:38","slug":"cipofantaziak","status":"publish","type":"page","link":"https:\/\/lokart.hu\/en\/cipofantaziak\/","title":{"rendered":"Shoe fantasies"},"content":{"rendered":"\t\t<div data-elementor-type=\"wp-page\" data-elementor-id=\"1922\" class=\"elementor elementor-1922\" data-elementor-post-type=\"page\">\n\t\t\t\t\t\t<section class=\"elementor-section elementor-top-section elementor-element elementor-element-1131fa02 elementor-section-height-min-height elementor-section-items-stretch elementor-section-boxed elementor-section-height-default\" data-id=\"1131fa02\" data-element_type=\"section\" data-e-type=\"section\" data-settings=\"{&quot;background_background&quot;:&quot;classic&quot;}\">\n\t\t\t\t\t\t\t<div class=\"elementor-background-overlay\"><\/div>\n\t\t\t\t\t\t\t<div class=\"elementor-container elementor-column-gap-default\">\n\t\t\t\t\t<div class=\"elementor-column elementor-col-100 elementor-top-column elementor-element elementor-element-76cdb74d\" data-id=\"76cdb74d\" data-element_type=\"column\" data-e-type=\"column\" data-settings=\"{&quot;background_background&quot;:&quot;classic&quot;,&quot;background_motion_fx_motion_fx_scrolling&quot;:&quot;yes&quot;,&quot;background_motion_fx_translateY_effect&quot;:&quot;yes&quot;,&quot;background_motion_fx_translateY_direction&quot;:&quot;negative&quot;,&quot;background_motion_fx_translateY_speed&quot;:{&quot;unit&quot;:&quot;px&quot;,&quot;size&quot;:&quot;2.5&quot;,&quot;sizes&quot;:[]},&quot;background_motion_fx_translateY_affectedRange&quot;:{&quot;unit&quot;:&quot;%&quot;,&quot;size&quot;:&quot;&quot;,&quot;sizes&quot;:{&quot;start&quot;:0,&quot;end&quot;:100}},&quot;background_motion_fx_devices&quot;:[&quot;desktop&quot;,&quot;tablet&quot;,&quot;mobile&quot;]}\">\n\t\t\t<div class=\"elementor-widget-wrap elementor-element-populated\">\n\t\t\t\t\t<div class=\"elementor-background-overlay\"><\/div>\n\t\t\t\t\t\t<div class=\"elementor-element elementor-element-4efe268 animated-slow elementor-invisible elementor-widget elementor-widget-heading\" data-id=\"4efe268\" data-element_type=\"widget\" data-e-type=\"widget\" data-settings=\"{&quot;_animation&quot;:&quot;fadeIn&quot;}\" data-widget_type=\"heading.default\">\n\t\t\t\t<div class=\"elementor-widget-container\">\n\t\t\t\t\t<h1 class=\"elementor-heading-title elementor-size-default\">K\u00eds\u00e9rleti cip\u0151k <br>a m\u0171v\u00e9szetben <br>\u00e9s a designban\n\n<\/h1>\t\t\t\t<\/div>\n\t\t\t\t<\/div>\n\t\t\t\t<div class=\"elementor-element elementor-element-50a9b13f elementor-shape-square elementor-grid-1 elementor-widget__width-auto elementor-fixed e-grid-align-center elementor-widget elementor-widget-social-icons\" data-id=\"50a9b13f\" data-element_type=\"widget\" data-e-type=\"widget\" data-settings=\"{&quot;_position&quot;:&quot;fixed&quot;}\" data-widget_type=\"social-icons.default\">\n\t\t\t\t<div class=\"elementor-widget-container\">\n\t\t\t\t\t\t\t<div class=\"elementor-social-icons-wrapper elementor-grid\" role=\"list\">\n\t\t\t\t\t\t\t<span class=\"elementor-grid-item\" role=\"listitem\">\n\t\t\t\t\t<a class=\"elementor-icon elementor-social-icon elementor-social-icon-youtube elementor-repeater-item-90b4e82\" target=\"_blank\">\n\t\t\t\t\t\t<span class=\"elementor-screen-only\">Youtube<\/span>\n\t\t\t\t\t\t<svg aria-hidden=\"true\" class=\"e-font-icon-svg e-fab-youtube\" viewBox=\"0 0 576 512\" xmlns=\"http:\/\/www.w3.org\/2000\/svg\"><path d=\"M549.655 124.083c-6.281-23.65-24.787-42.276-48.284-48.597C458.781 64 288 64 288 64S117.22 64 74.629 75.486c-23.497 6.322-42.003 24.947-48.284 48.597-11.412 42.867-11.412 132.305-11.412 132.305s0 89.438 11.412 132.305c6.281 23.65 24.787 41.5 48.284 47.821C117.22 448 288 448 288 448s170.78 0 213.371-11.486c23.497-6.321 42.003-24.171 48.284-47.821 11.412-42.867 11.412-132.305 11.412-132.305s0-89.438-11.412-132.305zm-317.51 213.508V175.185l142.739 81.205-142.739 81.201z\"><\/path><\/svg>\t\t\t\t\t<\/a>\n\t\t\t\t<\/span>\n\t\t\t\t\t\t\t<span class=\"elementor-grid-item\" role=\"listitem\">\n\t\t\t\t\t<a class=\"elementor-icon elementor-social-icon elementor-social-icon-instagram elementor-repeater-item-f90d36f\" target=\"_blank\">\n\t\t\t\t\t\t<span class=\"elementor-screen-only\">Instagram<\/span>\n\t\t\t\t\t\t<svg aria-hidden=\"true\" class=\"e-font-icon-svg e-fab-instagram\" viewBox=\"0 0 448 512\" xmlns=\"http:\/\/www.w3.org\/2000\/svg\"><path d=\"M224.1 141c-63.6 0-114.9 51.3-114.9 114.9s51.3 114.9 114.9 114.9S339 319.5 339 255.9 287.7 141 224.1 141zm0 189.6c-41.1 0-74.7-33.5-74.7-74.7s33.5-74.7 74.7-74.7 74.7 33.5 74.7 74.7-33.6 74.7-74.7 74.7zm146.4-194.3c0 14.9-12 26.8-26.8 26.8-14.9 0-26.8-12-26.8-26.8s12-26.8 26.8-26.8 26.8 12 26.8 26.8zm76.1 27.2c-1.7-35.9-9.9-67.7-36.2-93.9-26.2-26.2-58-34.4-93.9-36.2-37-2.1-147.9-2.1-184.9 0-35.8 1.7-67.6 9.9-93.9 36.1s-34.4 58-36.2 93.9c-2.1 37-2.1 147.9 0 184.9 1.7 35.9 9.9 67.7 36.2 93.9s58 34.4 93.9 36.2c37 2.1 147.9 2.1 184.9 0 35.9-1.7 67.7-9.9 93.9-36.2 26.2-26.2 34.4-58 36.2-93.9 2.1-37 2.1-147.8 0-184.8zM398.8 388c-7.8 19.6-22.9 34.7-42.6 42.6-29.5 11.7-99.5 9-132.1 9s-102.7 2.6-132.1-9c-19.6-7.8-34.7-22.9-42.6-42.6-11.7-29.5-9-99.5-9-132.1s-2.6-102.7 9-132.1c7.8-19.6 22.9-34.7 42.6-42.6 29.5-11.7 99.5-9 132.1-9s102.7-2.6 132.1 9c19.6 7.8 34.7 22.9 42.6 42.6 11.7 29.5 9 99.5 9 132.1s2.7 102.7-9 132.1z\"><\/path><\/svg>\t\t\t\t\t<\/a>\n\t\t\t\t<\/span>\n\t\t\t\t\t\t\t<span class=\"elementor-grid-item\" role=\"listitem\">\n\t\t\t\t\t<a class=\"elementor-icon elementor-social-icon elementor-social-icon-twitter elementor-repeater-item-e3500c5\" target=\"_blank\">\n\t\t\t\t\t\t<span class=\"elementor-screen-only\">Twitter<\/span>\n\t\t\t\t\t\t<svg aria-hidden=\"true\" class=\"e-font-icon-svg e-fab-twitter\" viewBox=\"0 0 512 512\" xmlns=\"http:\/\/www.w3.org\/2000\/svg\"><path d=\"M459.37 151.716c.325 4.548.325 9.097.325 13.645 0 138.72-105.583 298.558-298.558 298.558-59.452 0-114.68-17.219-161.137-47.106 8.447.974 16.568 1.299 25.34 1.299 49.055 0 94.213-16.568 130.274-44.832-46.132-.975-84.792-31.188-98.112-72.772 6.498.974 12.995 1.624 19.818 1.624 9.421 0 18.843-1.3 27.614-3.573-48.081-9.747-84.143-51.98-84.143-102.985v-1.299c13.969 7.797 30.214 12.67 47.431 13.319-28.264-18.843-46.781-51.005-46.781-87.391 0-19.492 5.197-37.36 14.294-52.954 51.655 63.675 129.3 105.258 216.365 109.807-1.624-7.797-2.599-15.918-2.599-24.04 0-57.828 46.782-104.934 104.934-104.934 30.213 0 57.502 12.67 76.67 33.137 23.715-4.548 46.456-13.32 66.599-25.34-7.798 24.366-24.366 44.833-46.132 57.827 21.117-2.273 41.584-8.122 60.426-16.243-14.292 20.791-32.161 39.308-52.628 54.253z\"><\/path><\/svg>\t\t\t\t\t<\/a>\n\t\t\t\t<\/span>\n\t\t\t\t\t\t\t<span class=\"elementor-grid-item\" role=\"listitem\">\n\t\t\t\t\t<a class=\"elementor-icon elementor-social-icon elementor-social-icon-facebook-f elementor-repeater-item-63c08dc\" target=\"_blank\">\n\t\t\t\t\t\t<span class=\"elementor-screen-only\">Facebook-f<\/span>\n\t\t\t\t\t\t<svg aria-hidden=\"true\" class=\"e-font-icon-svg e-fab-facebook-f\" viewBox=\"0 0 320 512\" xmlns=\"http:\/\/www.w3.org\/2000\/svg\"><path d=\"M279.14 288l14.22-92.66h-88.91v-60.13c0-25.35 12.42-50.06 52.24-50.06h40.42V6.26S260.43 0 225.36 0c-73.22 0-121.08 44.38-121.08 124.72v70.62H22.89V288h81.39v224h100.17V288z\"><\/path><\/svg>\t\t\t\t\t<\/a>\n\t\t\t\t<\/span>\n\t\t\t\t\t<\/div>\n\t\t\t\t\t\t<\/div>\n\t\t\t\t<\/div>\n\t\t\t\t<div class=\"elementor-element elementor-element-be29926 elementor-widget-mobile__width-initial elementor-widget elementor-widget-text-editor\" data-id=\"be29926\" data-element_type=\"widget\" data-e-type=\"widget\" data-widget_type=\"text-editor.default\">\n\t\t\t\t<div class=\"elementor-widget-container\">\n\t\t\t\t\t\t\t\t\t<p><span style=\"font-weight: 400;\">2023. 06.09. &#8211; 09.03.<br \/><\/span><span style=\"font-weight: 400;\">P\u00c9CSI GAL\u00c9RIA<br \/><\/span><span style=\"font-weight: 400;\">SZERDA<\/span><span style=\"font-weight: 400;\">-VAS\u00c1RNAP: 11.00-19.00\u00a0 \u00a0 \u00a0<\/span><\/p>\t\t\t\t\t\t\t\t<\/div>\n\t\t\t\t<\/div>\n\t\t\t\t\t<\/div>\n\t\t<\/div>\n\t\t\t\t\t<\/div>\n\t\t<\/section>\n\t\t<div class=\"elementor-element elementor-element-cb846c3 e-con-full e-flex e-con e-parent\" data-id=\"cb846c3\" data-element_type=\"container\" data-e-type=\"container\">\n\t\t\t\t<div class=\"elementor-element elementor-element-806393e elementor-widget-mobile__width-initial elementor-widget elementor-widget-text-editor\" data-id=\"806393e\" data-element_type=\"widget\" data-e-type=\"widget\" data-widget_type=\"text-editor.default\">\n\t\t\t\t<div class=\"elementor-widget-container\">\n\t\t\t\t\t\t\t\t\t<p><span style=\"font-weight: 400;\">A Virtu\u00e1lis Cip\u0151 M\u00fazeum alkot\u00f3inak ki\u00e1ll\u00edt\u00e1sa. <\/span><span style=\"font-weight: 400;\">Kur\u00e1torok: Liza Snook \u00e9s Amber Ambrose Aurele. <\/span><\/p><p>A ki\u00e1ll\u00edt\u00e1s f\u0151 k\u00e9rd\u00e9se: &#8222;Mi a cip\u0151?&#8221; Vajon cip\u0151-e valami, ha nem azonos\u00edthat\u00f3 a form\u00e1ja alapj\u00e1n<br \/>azonnal? Vannak konceptu\u00e1lis \u00e9s \u00f6sszetett munk\u00e1k, amelyekn\u00e9l els\u0151 pillant\u00e1sra felt\u0171nik, hogy<br \/>t\u00f6bbr\u0151l van sz\u00f3, mint egy p\u00e1r hordhat\u00f3 l\u00e1bbelir\u0151l. Sz\u00fcks\u00e9ges-e egy\u00e1ltal\u00e1n, hogy a cip\u0151 hordhat\u00f3<br \/>legyen?<br \/>A ki\u00e1ll\u00edt\u00e1s nemzetk\u00f6zi \u00e9s magyar m\u0171v\u00e9szek \u00e9s tervez\u0151k munk\u00e1ib\u00f3l mutat be figyelemre m\u00e9lt\u00f3<br \/>v\u00e1logat\u00e1st. Egyesek a konstrukci\u00f3 \u00e9s a kifejez\u00e9sm\u00f3d, m\u00e1sok az anyagok \u00e9s a technika tanulm\u00e1nyoz\u00e1sa<br \/>fel\u0151l k\u00f6zel\u00edtenek. A cip\u0151ben, mint kreat\u00edv m\u00e9diumban rejl\u0151 sokr\u00e9t\u0171 lehet\u0151s\u00e9gek nemcsak a cip\u0151k,<br \/>hanem install\u00e1ci\u00f3k, fot\u00f3k \u00e9s vide\u00f3k form\u00e1j\u00e1ban is megjelennek.<br \/>A Cip\u0151fant\u00e1zi\u00e1k \/ Shoe Fantasies a P\u00e9csi Gal\u00e9ria \u00e9s a Virtual Shoe Museum egy\u00fcttm\u0171k\u00f6d\u00e9s\u00e9nek<br \/>eredm\u00e9nye, kur\u00e1torai Liza Snook \u00e9s Amber Ambrose Aur\u00e8le Verstegen.<br \/>A VirtualShoeMuseum.com egy digit\u00e1lis platform cip\u0151rajong\u00f3k \u00e9s szakemberek sz\u00e1m\u00e1ra, ahol a cip\u0151k<br \/>tervez\u0151, sz\u00edn, t\u00edpus vagy \u00e9ppen anyag \u2013 pl. b\u0151r, textil, med\u00faza, \u00fcveg, cukor, v\u00e9r, h\u00edn\u00e1r \u2013 alapj\u00e1n<br \/>kereshet\u0151k. Liza Snook szinte mindent \u00f6sszegy\u0171jt\u00f6tt, ami a cip\u0151kkel kapcsolatos: utaz\u00e1sai sor\u00e1n tal\u00e1lt<br \/>viselhet\u0151 darabokat, cip\u0151kr\u0151l sz\u00f3l\u00f3 k\u00f6nyveket, k\u00e9peslapokat, cikkeket. 2004-ben t\u00e1rs\u00e1val, Taco<br \/>Zwaanswijkkel hozta l\u00e9tre a digit\u00e1lis platformot, ahol cip\u0151k sz\u00e9les v\u00e1laszt\u00e9k\u00e1t tal\u00e1lhatjuk meg:<br \/>viselhet\u0151 cip\u0151ket, de festm\u00e9nyeket, szobrokat, illusztr\u00e1ci\u00f3kat vagy vide\u00f3kat is. Ebb\u0151l a gy\u0171jtem\u00e9nyb\u0151l<br \/>rendezi ki\u00e1ll\u00edt\u00e1sait, vil\u00e1gszerte k\u00fcl\u00f6nb\u00f6z\u0151 m\u00fazeumokkal, gal\u00e9ri\u00e1kkal \u00e9s rendezv\u00e9nyekkel<br \/>egy\u00fcttm\u0171k\u00f6dve.<\/p>\t\t\t\t\t\t\t\t<\/div>\n\t\t\t\t<\/div>\n\t\t\t\t<\/div>\n\t\t<div class=\"elementor-element elementor-element-4de2d3f e-flex e-con-boxed e-con e-parent\" data-id=\"4de2d3f\" data-element_type=\"container\" data-e-type=\"container\">\n\t\t\t\t\t<div class=\"e-con-inner\">\n\t\t<div class=\"elementor-element elementor-element-9f2cbf1 e-con-full e-flex e-con e-parent\" data-id=\"9f2cbf1\" data-element_type=\"container\" data-e-type=\"container\">\n\t\t\t\t<div class=\"elementor-element elementor-element-53892f9 elementor-widget elementor-widget-image\" data-id=\"53892f9\" data-element_type=\"widget\" data-e-type=\"widget\" data-widget_type=\"image.default\">\n\t\t\t\t<div class=\"elementor-widget-container\">\n\t\t\t\t\t\t\t\t\t\t\t\t\t\t\t<img fetchpriority=\"high\" decoding=\"async\" width=\"1024\" height=\"683\" src=\"https:\/\/lokart.hu\/wp-content\/uploads\/2023\/06\/Amber-Verstegen-by-Milan-Gino-1024x683.jpg\" class=\"attachment-large size-large wp-image-2492\" alt=\"\" srcset=\"https:\/\/lokart.hu\/wp-content\/uploads\/2023\/06\/Amber-Verstegen-by-Milan-Gino-1024x683.jpg 1024w, https:\/\/lokart.hu\/wp-content\/uploads\/2023\/06\/Amber-Verstegen-by-Milan-Gino-300x200.jpg 300w, https:\/\/lokart.hu\/wp-content\/uploads\/2023\/06\/Amber-Verstegen-by-Milan-Gino-768x512.jpg 768w, https:\/\/lokart.hu\/wp-content\/uploads\/2023\/06\/Amber-Verstegen-by-Milan-Gino-1536x1024.jpg 1536w, https:\/\/lokart.hu\/wp-content\/uploads\/2023\/06\/Amber-Verstegen-by-Milan-Gino-2048x1365.jpg 2048w\" sizes=\"(max-width: 1024px) 100vw, 1024px\" \/>\t\t\t\t\t\t\t\t\t\t\t\t\t\t\t<\/div>\n\t\t\t\t<\/div>\n\t\t\t\t<\/div>\n\t\t<div class=\"elementor-element elementor-element-1a1da8f e-con-full e-flex e-con e-parent\" data-id=\"1a1da8f\" data-element_type=\"container\" data-e-type=\"container\">\n\t\t\t\t<div class=\"elementor-element elementor-element-948b22a elementor-widget elementor-widget-image\" data-id=\"948b22a\" data-element_type=\"widget\" data-e-type=\"widget\" data-widget_type=\"image.default\">\n\t\t\t\t<div class=\"elementor-widget-container\">\n\t\t\t\t\t\t\t\t\t\t\t\t\t\t\t<img decoding=\"async\" width=\"1024\" height=\"683\" src=\"https:\/\/lokart.hu\/wp-content\/uploads\/2023\/06\/Liza-Snook-by-Charlotte-Visser-1024x683.jpg\" class=\"attachment-large size-large wp-image-2493\" alt=\"\" srcset=\"https:\/\/lokart.hu\/wp-content\/uploads\/2023\/06\/Liza-Snook-by-Charlotte-Visser-1024x683.jpg 1024w, https:\/\/lokart.hu\/wp-content\/uploads\/2023\/06\/Liza-Snook-by-Charlotte-Visser-300x200.jpg 300w, https:\/\/lokart.hu\/wp-content\/uploads\/2023\/06\/Liza-Snook-by-Charlotte-Visser-768x512.jpg 768w, https:\/\/lokart.hu\/wp-content\/uploads\/2023\/06\/Liza-Snook-by-Charlotte-Visser-1536x1024.jpg 1536w, https:\/\/lokart.hu\/wp-content\/uploads\/2023\/06\/Liza-Snook-by-Charlotte-Visser-2048x1365.jpg 2048w\" sizes=\"(max-width: 1024px) 100vw, 1024px\" \/>\t\t\t\t\t\t\t\t\t\t\t\t\t\t\t<\/div>\n\t\t\t\t<\/div>\n\t\t\t\t<\/div>\n\t\t\t\t\t<\/div>\n\t\t\t\t<\/div>\n\t\t<div class=\"elementor-element elementor-element-92111b3 e-con-full e-flex e-con e-parent\" data-id=\"92111b3\" data-element_type=\"container\" data-e-type=\"container\">\n\t\t\t\t<div class=\"elementor-element elementor-element-0ef71f5 elementor-widget elementor-widget-text-editor\" data-id=\"0ef71f5\" data-element_type=\"widget\" data-e-type=\"widget\" data-widget_type=\"text-editor.default\">\n\t\t\t\t<div class=\"elementor-widget-container\">\n\t\t\t\t\t\t\t\t\t<p>&#8222;A n\u0151k magassark\u00faban vesz\u00e9lyesebbek, mint egy t\u00f6lt\u00f6tt fegyver&#8221; &#8211; \u00e1ll\u00edtja Amber Ambrose Aur\u00e8le<br \/>holland tervez\u0151, aki &#8222;\u00e9gig \u00e9r\u0151 magassark\u00fair\u00f3l&#8221; ismert. Cip\u0151tervez\u00e9s\u00e9vel a divat \u00e9s a m\u0171v\u00e9szet hat\u00e1rait<br \/>kutatja. Tervez\u0151k\u00e9nt hidat szeretne \u00e9p\u00edteni a m\u0171v\u00e9szet, a divat, az emberi test, a kult\u00far\u00e1k, a<br \/>k\u00e9zm\u0171vess\u00e9g \u00e9s a fenntarthat\u00f3 vagy innovat\u00edv technik\u00e1k \u00e9s anyagok ir\u00e1nti szeretete k\u00f6z\u00f6tt. Munk\u00e1i<br \/>vil\u00e1gszerte sz\u00e1mos ki\u00e1ll\u00edt\u00e1son \u00e9s divatmagazinban szerepeltek. Hollandi\u00e1ban \u00e9s K\u00edn\u00e1ban tan\u00edtja a<br \/>tervez\u0151k \u00faj gener\u00e1ci\u00f3j\u00e1t.<br \/>Ezeket a Cip\u0151fant\u00e1zi\u00e1kat kifejezetten a p\u00e9csi LOKART Fesztiv\u00e1l Prol\u00f3g r\u00e9szek\u00e9nt bemutatott<br \/>ki\u00e1ll\u00edt\u00e1sra v\u00e1logatt\u00e1k. Ezt mindenkinek l\u00e1tnia kell!<\/p><p>Fot\u00f3k:<br \/>Liza Snook &#8211; Charlotte Visser<br \/>Amber AmbroseAur\u00e8le &#8211; Milan Gino<\/p><p><span style=\"font-weight: 400;\"><a href=\"http:\/\/www.virtualshoemuseum.com\">www.virtualshoemuseum.com\u00a0 \u00a0 \u00a0 \u00a0<\/a> \u00a0 \u00a0<\/span><a href=\"http:\/\/www.amberambroseaurele.com\"><span style=\"font-weight: 400;\">www.amberambroseaurele.com<\/span><\/a><\/p>\t\t\t\t\t\t\t\t<\/div>\n\t\t\t\t<\/div>\n\t\t\t\t<\/div>\n\t\t\t\t<\/div>\n\t\t","protected":false},"excerpt":{"rendered":"<p>Experimental shoes in art and design Youtube Instagram Twitter Facebook-f 2023.06.09. - 09.03.P\u00c9CSI GALLERY WEDNESDAY-SUNDAY: 11.00-19.00 Exhibition of the artists of the Virtual Shoe Museum. Curated by Liza Snook and Amber Ambrose Aurele. The main question of the exhibition is \"What is a shoe?\" Is something a shoe if it is not identifiable by its shape with something else? There are conceptual and complex works where the first ...<\/p>\n<p class=\"read-more\"> <a class=\"\" href=\"https:\/\/lokart.hu\/en\/cipofantaziak\/\"> <span class=\"screen-reader-text\">Shoe fantasies<\/span> Read More \"<\/a><\/p>","protected":false},"author":2,"featured_media":0,"parent":0,"menu_order":0,"comment_status":"closed","ping_status":"closed","template":"elementor_header_footer","meta":{"site-sidebar-layout":"no-sidebar","site-content-layout":"page-builder","ast-global-header-display":"","ast-main-header-display":"","ast-hfb-above-header-display":"","ast-hfb-below-header-display":"","ast-hfb-mobile-header-display":"","site-post-title":"disabled","ast-breadcrumbs-content":"","ast-featured-img":"disabled","footer-sml-layout":"","theme-transparent-header-meta":"","adv-header-id-meta":"","stick-header-meta":"","header-above-stick-meta":"","header-main-stick-meta":"","header-below-stick-meta":"","footnotes":""},"class_list":["post-1922","page","type-page","status-publish","hentry"],"_links":{"self":[{"href":"https:\/\/lokart.hu\/en\/wp-json\/wp\/v2\/pages\/1922","targetHints":{"allow":["GET"]}}],"collection":[{"href":"https:\/\/lokart.hu\/en\/wp-json\/wp\/v2\/pages"}],"about":[{"href":"https:\/\/lokart.hu\/en\/wp-json\/wp\/v2\/types\/page"}],"author":[{"embeddable":true,"href":"https:\/\/lokart.hu\/en\/wp-json\/wp\/v2\/users\/2"}],"replies":[{"embeddable":true,"href":"https:\/\/lokart.hu\/en\/wp-json\/wp\/v2\/comments?post=1922"}],"version-history":[{"count":82,"href":"https:\/\/lokart.hu\/en\/wp-json\/wp\/v2\/pages\/1922\/revisions"}],"predecessor-version":[{"id":4081,"href":"https:\/\/lokart.hu\/en\/wp-json\/wp\/v2\/pages\/1922\/revisions\/4081"}],"wp:attachment":[{"href":"https:\/\/lokart.hu\/en\/wp-json\/wp\/v2\/media?parent=1922"}],"curies":[{"name":"wp","href":"https:\/\/api.w.org\/{rel}","templated":true}]}}