{"id":4914,"date":"2025-05-21T16:42:39","date_gmt":"2025-05-21T14:42:39","guid":{"rendered":"https:\/\/lokart.hu\/?page_id=4914"},"modified":"2025-06-25T13:17:55","modified_gmt":"2025-06-25T11:17:55","slug":"rolunk","status":"publish","type":"page","link":"https:\/\/lokart.hu\/en\/rolunk\/","title":{"rendered":"R\u00f3lunk"},"content":{"rendered":"\t\t<div data-elementor-type=\"wp-page\" data-elementor-id=\"4914\" class=\"elementor elementor-4914\" data-elementor-post-type=\"page\">\n\t\t\t\t\t\t<section class=\"elementor-section elementor-top-section elementor-element elementor-element-fce8f1b elementor-section-height-min-height elementor-section-items-stretch elementor-section-boxed elementor-section-height-default\" data-id=\"fce8f1b\" data-element_type=\"section\" data-e-type=\"section\" data-settings=\"{&quot;background_background&quot;:&quot;classic&quot;}\">\n\t\t\t\t\t\t\t<div class=\"elementor-background-overlay\"><\/div>\n\t\t\t\t\t\t\t<div class=\"elementor-container elementor-column-gap-default\">\n\t\t\t\t\t<div class=\"elementor-column elementor-col-100 elementor-top-column elementor-element elementor-element-a0defa3\" data-id=\"a0defa3\" data-element_type=\"column\" data-e-type=\"column\" data-settings=\"{&quot;background_background&quot;:&quot;classic&quot;,&quot;background_motion_fx_motion_fx_scrolling&quot;:&quot;yes&quot;,&quot;background_motion_fx_translateY_effect&quot;:&quot;yes&quot;,&quot;background_motion_fx_translateY_direction&quot;:&quot;negative&quot;,&quot;background_motion_fx_translateY_speed&quot;:{&quot;unit&quot;:&quot;px&quot;,&quot;size&quot;:&quot;2.5&quot;,&quot;sizes&quot;:[]},&quot;background_motion_fx_translateY_affectedRange&quot;:{&quot;unit&quot;:&quot;%&quot;,&quot;size&quot;:&quot;&quot;,&quot;sizes&quot;:{&quot;start&quot;:0,&quot;end&quot;:100}},&quot;background_motion_fx_devices&quot;:[&quot;desktop&quot;,&quot;tablet&quot;,&quot;mobile&quot;]}\">\n\t\t\t<div class=\"elementor-widget-wrap elementor-element-populated\">\n\t\t\t\t\t<div class=\"elementor-background-overlay\"><\/div>\n\t\t\t\t\t\t<div class=\"elementor-element elementor-element-2395a2f animated-slow elementor-invisible elementor-widget elementor-widget-heading\" data-id=\"2395a2f\" data-element_type=\"widget\" data-e-type=\"widget\" data-settings=\"{&quot;_animation&quot;:&quot;fadeIn&quot;}\" data-widget_type=\"heading.default\">\n\t\t\t\t<div class=\"elementor-widget-container\">\n\t\t\t\t\t<h1 class=\"elementor-heading-title elementor-size-default\">Lokart<\/h1>\t\t\t\t<\/div>\n\t\t\t\t<\/div>\n\t\t\t\t<div class=\"elementor-element elementor-element-4ad6fb9 elementor-shape-square elementor-grid-1 elementor-widget__width-auto elementor-fixed e-grid-align-center elementor-widget elementor-widget-social-icons\" data-id=\"4ad6fb9\" data-element_type=\"widget\" data-e-type=\"widget\" data-settings=\"{&quot;_position&quot;:&quot;fixed&quot;}\" data-widget_type=\"social-icons.default\">\n\t\t\t\t<div class=\"elementor-widget-container\">\n\t\t\t\t\t\t\t<div class=\"elementor-social-icons-wrapper elementor-grid\" role=\"list\">\n\t\t\t\t\t\t\t<span class=\"elementor-grid-item\" role=\"listitem\">\n\t\t\t\t\t<a class=\"elementor-icon elementor-social-icon elementor-social-icon-facebook-f elementor-repeater-item-63c08dc\" href=\"https:\/\/www.facebook.com\/lokart.pecs\" target=\"_blank\">\n\t\t\t\t\t\t<span class=\"elementor-screen-only\">Facebook-f<\/span>\n\t\t\t\t\t\t<svg aria-hidden=\"true\" class=\"e-font-icon-svg e-fab-facebook-f\" viewBox=\"0 0 320 512\" xmlns=\"http:\/\/www.w3.org\/2000\/svg\"><path d=\"M279.14 288l14.22-92.66h-88.91v-60.13c0-25.35 12.42-50.06 52.24-50.06h40.42V6.26S260.43 0 225.36 0c-73.22 0-121.08 44.38-121.08 124.72v70.62H22.89V288h81.39v224h100.17V288z\"><\/path><\/svg>\t\t\t\t\t<\/a>\n\t\t\t\t<\/span>\n\t\t\t\t\t\t\t<span class=\"elementor-grid-item\" role=\"listitem\">\n\t\t\t\t\t<a class=\"elementor-icon elementor-social-icon elementor-social-icon-instagram elementor-repeater-item-f90d36f\" href=\"https:\/\/instagram.com\/pecsi_galeriak\" target=\"_blank\">\n\t\t\t\t\t\t<span class=\"elementor-screen-only\">Instagram<\/span>\n\t\t\t\t\t\t<svg aria-hidden=\"true\" class=\"e-font-icon-svg e-fab-instagram\" viewBox=\"0 0 448 512\" xmlns=\"http:\/\/www.w3.org\/2000\/svg\"><path d=\"M224.1 141c-63.6 0-114.9 51.3-114.9 114.9s51.3 114.9 114.9 114.9S339 319.5 339 255.9 287.7 141 224.1 141zm0 189.6c-41.1 0-74.7-33.5-74.7-74.7s33.5-74.7 74.7-74.7 74.7 33.5 74.7 74.7-33.6 74.7-74.7 74.7zm146.4-194.3c0 14.9-12 26.8-26.8 26.8-14.9 0-26.8-12-26.8-26.8s12-26.8 26.8-26.8 26.8 12 26.8 26.8zm76.1 27.2c-1.7-35.9-9.9-67.7-36.2-93.9-26.2-26.2-58-34.4-93.9-36.2-37-2.1-147.9-2.1-184.9 0-35.8 1.7-67.6 9.9-93.9 36.1s-34.4 58-36.2 93.9c-2.1 37-2.1 147.9 0 184.9 1.7 35.9 9.9 67.7 36.2 93.9s58 34.4 93.9 36.2c37 2.1 147.9 2.1 184.9 0 35.9-1.7 67.7-9.9 93.9-36.2 26.2-26.2 34.4-58 36.2-93.9 2.1-37 2.1-147.8 0-184.8zM398.8 388c-7.8 19.6-22.9 34.7-42.6 42.6-29.5 11.7-99.5 9-132.1 9s-102.7 2.6-132.1-9c-19.6-7.8-34.7-22.9-42.6-42.6-11.7-29.5-9-99.5-9-132.1s-2.6-102.7 9-132.1c7.8-19.6 22.9-34.7 42.6-42.6 29.5-11.7 99.5-9 132.1-9s102.7-2.6 132.1 9c19.6 7.8 34.7 22.9 42.6 42.6 11.7 29.5 9 99.5 9 132.1s2.7 102.7-9 132.1z\"><\/path><\/svg>\t\t\t\t\t<\/a>\n\t\t\t\t<\/span>\n\t\t\t\t\t\t\t<span class=\"elementor-grid-item\" role=\"listitem\">\n\t\t\t\t\t<a class=\"elementor-icon elementor-social-icon elementor-social-icon-youtube elementor-repeater-item-90b4e82\" href=\"https:\/\/youtube.com\/@pecsigaleriak\" target=\"_blank\">\n\t\t\t\t\t\t<span class=\"elementor-screen-only\">Youtube<\/span>\n\t\t\t\t\t\t<svg aria-hidden=\"true\" class=\"e-font-icon-svg e-fab-youtube\" viewBox=\"0 0 576 512\" xmlns=\"http:\/\/www.w3.org\/2000\/svg\"><path d=\"M549.655 124.083c-6.281-23.65-24.787-42.276-48.284-48.597C458.781 64 288 64 288 64S117.22 64 74.629 75.486c-23.497 6.322-42.003 24.947-48.284 48.597-11.412 42.867-11.412 132.305-11.412 132.305s0 89.438 11.412 132.305c6.281 23.65 24.787 41.5 48.284 47.821C117.22 448 288 448 288 448s170.78 0 213.371-11.486c23.497-6.321 42.003-24.171 48.284-47.821 11.412-42.867 11.412-132.305 11.412-132.305s0-89.438-11.412-132.305zm-317.51 213.508V175.185l142.739 81.205-142.739 81.201z\"><\/path><\/svg>\t\t\t\t\t<\/a>\n\t\t\t\t<\/span>\n\t\t\t\t\t<\/div>\n\t\t\t\t\t\t<\/div>\n\t\t\t\t<\/div>\n\t\t\t\t<div class=\"elementor-element elementor-element-0fbae0c elementor-icon-list--layout-inline elementor-mobile-align-start elementor-list-item-link-full_width elementor-widget elementor-widget-icon-list\" data-id=\"0fbae0c\" data-element_type=\"widget\" data-e-type=\"widget\" data-widget_type=\"icon-list.default\">\n\t\t\t\t<div class=\"elementor-widget-container\">\n\t\t\t\t\t\t\t<ul class=\"elementor-icon-list-items elementor-inline-items\">\n\t\t\t\t\t\t\t<li class=\"elementor-icon-list-item elementor-inline-item\">\n\t\t\t\t\t\t\t\t\t\t<span class=\"elementor-icon-list-text\">p\u00e9cs<\/span>\n\t\t\t\t\t\t\t\t\t<\/li>\n\t\t\t\t\t\t\t\t<li class=\"elementor-icon-list-item elementor-inline-item\">\n\t\t\t\t\t\t\t\t\t\t\t<span class=\"elementor-icon-list-icon\">\n\t\t\t\t\t\t\t<svg aria-hidden=\"true\" class=\"e-font-icon-svg e-fas-circle\" viewBox=\"0 0 512 512\" xmlns=\"http:\/\/www.w3.org\/2000\/svg\"><path d=\"M256 8C119 8 8 119 8 256s111 248 248 248 248-111 248-248S393 8 256 8z\"><\/path><\/svg>\t\t\t\t\t\t<\/span>\n\t\t\t\t\t\t\t\t\t\t<span class=\"elementor-icon-list-text\">k\u00e9pz\u0151m\u0171v\u00e9szeti<\/span>\n\t\t\t\t\t\t\t\t\t<\/li>\n\t\t\t\t\t\t\t\t<li class=\"elementor-icon-list-item elementor-inline-item\">\n\t\t\t\t\t\t\t\t\t\t\t<span class=\"elementor-icon-list-icon\">\n\t\t\t\t\t\t\t<svg aria-hidden=\"true\" class=\"e-font-icon-svg e-fas-circle\" viewBox=\"0 0 512 512\" xmlns=\"http:\/\/www.w3.org\/2000\/svg\"><path d=\"M256 8C119 8 8 119 8 256s111 248 248 248 248-111 248-248S393 8 256 8z\"><\/path><\/svg>\t\t\t\t\t\t<\/span>\n\t\t\t\t\t\t\t\t\t\t<span class=\"elementor-icon-list-text\">bienn\u00e1l\u00e9ja<\/span>\n\t\t\t\t\t\t\t\t\t<\/li>\n\t\t\t\t\t\t<\/ul>\n\t\t\t\t\t\t<\/div>\n\t\t\t\t<\/div>\n\t\t\t\t\t<\/div>\n\t\t<\/div>\n\t\t\t\t\t<\/div>\n\t\t<\/section>\n\t\t<div class=\"elementor-element elementor-element-03aeb17 e-con-full e-flex e-con e-parent\" data-id=\"03aeb17\" data-element_type=\"container\" data-e-type=\"container\">\n\t\t<div class=\"elementor-element elementor-element-6212722 e-con-full e-flex e-con e-child\" data-id=\"6212722\" data-element_type=\"container\" data-e-type=\"container\">\n\t\t\t\t<div class=\"elementor-element elementor-element-eb2b9c3 elementor-widget elementor-widget-text-editor\" data-id=\"eb2b9c3\" data-element_type=\"widget\" data-e-type=\"widget\" data-widget_type=\"text-editor.default\">\n\t\t\t\t<div class=\"elementor-widget-container\">\n\t\t\t\t\t\t\t\t\t<p><\/p>\n<p>2025-ben az imm\u00e1r harmadik alkalommal megrendez\u00e9sre ker\u00fcl\u0151 LOKART 3.0 tematik\u00e1j\u00e1t napjaink tal\u00e1n legaktu\u00e1lisabb k\u00e9rd\u00e9se jelenti: &#8221; AZ \u00c9N TESTEM, AZ \u00c9N V\u00c1RAM&#8221;.&nbsp;<\/p>\t\t\t\t\t\t\t\t<\/div>\n\t\t\t\t<\/div>\n\t\t\t\t<\/div>\n\t\t\t\t<\/div>\n\t\t<div class=\"elementor-element elementor-element-08d11a2 e-flex e-con-boxed e-con e-parent\" data-id=\"08d11a2\" data-element_type=\"container\" data-e-type=\"container\">\n\t\t\t\t\t<div class=\"e-con-inner\">\n\t\t\t\t<div class=\"elementor-element elementor-element-12e84cd elementor-widget-divider--view-line elementor-widget elementor-widget-divider\" data-id=\"12e84cd\" data-element_type=\"widget\" data-e-type=\"widget\" data-widget_type=\"divider.default\">\n\t\t\t\t<div class=\"elementor-widget-container\">\n\t\t\t\t\t\t\t<div class=\"elementor-divider\">\n\t\t\t<span class=\"elementor-divider-separator\">\n\t\t\t\t\t\t<\/span>\n\t\t<\/div>\n\t\t\t\t\t\t<\/div>\n\t\t\t\t<\/div>\n\t\t\t\t\t<\/div>\n\t\t\t\t<\/div>\n\t\t<div class=\"elementor-element elementor-element-e9fe938 e-grid e-con-full e-con e-parent\" data-id=\"e9fe938\" data-element_type=\"container\" data-e-type=\"container\">\n\t\t\t\t<div class=\"elementor-element elementor-element-7099efc elementor-widget elementor-widget-text-editor\" data-id=\"7099efc\" data-element_type=\"widget\" data-e-type=\"widget\" data-widget_type=\"text-editor.default\">\n\t\t\t\t<div class=\"elementor-widget-container\">\n\t\t\t\t\t\t\t\t\t<p>2021-ben az els\u0151 LOKART \u2013 kort\u00e1rs k\u00e9pz\u0151m\u0171v\u00e9szeti fesztiv\u00e1l P\u00e9csen azzal a c\u00e9llal, hogy r\u00e1ir\u00e1ny\u00edtsa a figyelmet a v\u00e1ros kort\u00e1rs k\u00e9pz\u0151m\u0171v\u00e9szeti \u00e9let\u00e9re. A ki\u00e1ll\u00edt\u00e1s k\u00e9t ki\u00e1ll\u00edt\u00f3helyen, a belv\u00e1rosban a P\u00e9csi Gal\u00e9ri\u00e1ban \u00e9s a M\u0171v\u00e9szetek H\u00e1za Martyn Gal\u00e9ri\u00e1j\u00e1ban j\u00f6tt l\u00e9tre. Az alkot\u00f3k akkor, a k\u00e9nyszer\u0171 mozdulatlans\u00e1g id\u0151szaka ut\u00e1n a mozg\u00e1ssal kapcsolatos m\u0171v\u00e9szi elk\u00e9pzel\u00e9seiket fogalmazt\u00e1k meg. A t\u00e9mav\u00e1laszt\u00e1ssal ugyanakkor megid\u00e9zt\u00fck annak az 1970-es p\u00e9csi kort\u00e1rs absztrakt ki\u00e1ll\u00edt\u00e1snak az eml\u00e9k\u00e9t, amelyet az akkori hatalom \u2013 mint a vesz\u00e9lyes korszellemet megtestes\u00edt\u0151 absztrakt m\u0171alkot\u00e1sok egy\u00fcttes\u00e9t \u2013 bez\u00e1ratott, \u00e9s mint ilyen, t\u00f6rt\u00e9nelmet \u00edrt.<\/p>\t\t\t\t\t\t\t\t<\/div>\n\t\t\t\t<\/div>\n\t\t\t\t<div class=\"elementor-element elementor-element-ca92158 elementor-widget elementor-widget-image\" data-id=\"ca92158\" data-element_type=\"widget\" data-e-type=\"widget\" data-widget_type=\"image.default\">\n\t\t\t\t<div class=\"elementor-widget-container\">\n\t\t\t\t\t\t\t\t\t\t\t\t<figure class=\"wp-caption\">\n\t\t\t\t\t\t\t\t\t\t<img fetchpriority=\"high\" decoding=\"async\" width=\"300\" height=\"300\" src=\"https:\/\/lokart.hu\/wp-content\/uploads\/2025\/06\/vali-300x300.jpg\" class=\"attachment-medium size-medium wp-image-5379\" alt=\"\" srcset=\"https:\/\/lokart.hu\/wp-content\/uploads\/2025\/06\/vali-300x300.jpg 300w, https:\/\/lokart.hu\/wp-content\/uploads\/2025\/06\/vali-150x150.jpg 150w, https:\/\/lokart.hu\/wp-content\/uploads\/2025\/06\/vali-12x12.jpg 12w, https:\/\/lokart.hu\/wp-content\/uploads\/2025\/06\/vali.jpg 507w\" sizes=\"(max-width: 300px) 100vw, 300px\" \/>\t\t\t\t\t\t\t\t\t\t\t<figcaption class=\"widget-image-caption wp-caption-text\">\u25c9 FEKETE VAL\u00c9RIA \u25c9 <br> A Zsolnay \u00d6r\u00f6ks\u00e9gkezel\u0151 Nkft Vizu\u00e1lis M\u0171v\u00e9szeti Centrum koncepci\u00f3j\u00e1nak kidolgoz\u00f3ja \u00e9s m\u0171v\u00e9szeti vezet\u0151je. <\/figcaption>\n\t\t\t\t\t\t\t\t\t\t<\/figure>\n\t\t\t\t\t\t\t\t\t<\/div>\n\t\t\t\t<\/div>\n\t\t\t\t<\/div>\n\t\t<div class=\"elementor-element elementor-element-505c924 e-flex e-con-boxed e-con e-parent\" data-id=\"505c924\" data-element_type=\"container\" data-e-type=\"container\">\n\t\t\t\t\t<div class=\"e-con-inner\">\n\t\t\t\t<div class=\"elementor-element elementor-element-2827edc elementor-widget-divider--view-line elementor-widget elementor-widget-divider\" data-id=\"2827edc\" data-element_type=\"widget\" data-e-type=\"widget\" data-widget_type=\"divider.default\">\n\t\t\t\t<div class=\"elementor-widget-container\">\n\t\t\t\t\t\t\t<div class=\"elementor-divider\">\n\t\t\t<span class=\"elementor-divider-separator\">\n\t\t\t\t\t\t<\/span>\n\t\t<\/div>\n\t\t\t\t\t\t<\/div>\n\t\t\t\t<\/div>\n\t\t\t\t\t<\/div>\n\t\t\t\t<\/div>\n\t\t<div class=\"elementor-element elementor-element-ac1df0c e-grid e-con-full e-con e-parent\" data-id=\"ac1df0c\" data-element_type=\"container\" data-e-type=\"container\">\n\t\t\t\t<div class=\"elementor-element elementor-element-1eeb616 elementor-widget elementor-widget-text-editor\" data-id=\"1eeb616\" data-element_type=\"widget\" data-e-type=\"widget\" data-widget_type=\"text-editor.default\">\n\t\t\t\t<div class=\"elementor-widget-container\">\n\t\t\t\t\t\t\t\t\t<p>A k\u00e9t \u00e9v m\u00falva ism\u00e9t megrendezett LOKART-on, \u00e1tl\u00e9pve P\u00e9cs hat\u00e1rait, 80 p\u00e9csi, budapesti, valamint k\u00e9t testv\u00e9rv\u00e1ros \u2013 Lyon \u00e9s Esz\u00e9k \u2013 m\u0171v\u00e9szeinek alkot\u00e1sait mutattuk be, mintegy nyolc helysz\u00ednen.\u00a0 A LOKART teh\u00e1t nemcsak a helyi m\u0171v\u00e9szek bemutatkoz\u00e1s\u00e1t jelenti, hanem k\u00e9pviseli P\u00e9cs kort\u00e1rs k\u00e9pz\u0151m\u0171v\u00e9szethez k\u00f6t\u0151d\u0151, imm\u00e1ron<br \/>hossz\u00fa \u00e9vtizedekre visszany\u00fal\u00f3 kapcsolat\u00e1t, a v\u00e1ros egyed\u00fcl\u00e1ll\u00f3 kultur\u00e1lis \u2013 m\u0171v\u00e9szeti identit\u00e1s\u00e1t, ha \u00fagy tetszik, a \u201ehely \u2013 m\u0171v\u00e9szi, kreat\u00edv \u2013 szellem\u00e9t\u201d. Akkor a t\u00e9ma, Vasarely sz\u00fcl\u0151v\u00e1ros\u00e1ban, a nemcsak optikai \u00e9rtelemben vett ill\u00fazi\u00f3 volt.<\/p><p>\u00a0<\/p>\t\t\t\t\t\t\t\t<\/div>\n\t\t\t\t<\/div>\n\t\t\t\t<div class=\"elementor-element elementor-element-2e1070d elementor-widget elementor-widget-image\" data-id=\"2e1070d\" data-element_type=\"widget\" data-e-type=\"widget\" data-widget_type=\"image.default\">\n\t\t\t\t<div class=\"elementor-widget-container\">\n\t\t\t\t\t\t\t\t\t\t\t\t<figure class=\"wp-caption\">\n\t\t\t\t\t\t\t\t\t\t<img decoding=\"async\" width=\"300\" height=\"300\" src=\"https:\/\/lokart.hu\/wp-content\/uploads\/2025\/06\/admin-ajax-2-300x300.jpeg\" class=\"attachment-medium size-medium wp-image-5347\" alt=\"\" srcset=\"https:\/\/lokart.hu\/wp-content\/uploads\/2025\/06\/admin-ajax-2-300x300.jpeg 300w, https:\/\/lokart.hu\/wp-content\/uploads\/2025\/06\/admin-ajax-2-150x150.jpeg 150w, https:\/\/lokart.hu\/wp-content\/uploads\/2025\/06\/admin-ajax-2-12x12.jpeg 12w, https:\/\/lokart.hu\/wp-content\/uploads\/2025\/06\/admin-ajax-2.jpeg 507w\" sizes=\"(max-width: 300px) 100vw, 300px\" \/>\t\t\t\t\t\t\t\t\t\t\t<figcaption class=\"widget-image-caption wp-caption-text\">\u25c9 SZ\u00c1ZADOS L\u00c1SZL\u00d3 \u25c9 <br>  Fekete Val\u00e9ri\u00e1val k\u00f6z\u00f6sen form\u00e1lta meg a LOKART koncepci\u00f3j\u00e1t.<\/figcaption>\n\t\t\t\t\t\t\t\t\t\t<\/figure>\n\t\t\t\t\t\t\t\t\t<\/div>\n\t\t\t\t<\/div>\n\t\t\t\t<\/div>\n\t\t<div class=\"elementor-element elementor-element-33fa630 e-flex e-con-boxed e-con e-parent\" data-id=\"33fa630\" data-element_type=\"container\" data-e-type=\"container\">\n\t\t\t\t\t<div class=\"e-con-inner\">\n\t\t\t\t<div class=\"elementor-element elementor-element-cb7fe18 elementor-widget-divider--view-line elementor-widget elementor-widget-divider\" data-id=\"cb7fe18\" data-element_type=\"widget\" data-e-type=\"widget\" data-widget_type=\"divider.default\">\n\t\t\t\t<div class=\"elementor-widget-container\">\n\t\t\t\t\t\t\t<div class=\"elementor-divider\">\n\t\t\t<span class=\"elementor-divider-separator\">\n\t\t\t\t\t\t<\/span>\n\t\t<\/div>\n\t\t\t\t\t\t<\/div>\n\t\t\t\t<\/div>\n\t\t\t\t\t<\/div>\n\t\t\t\t<\/div>\n\t\t<div class=\"elementor-element elementor-element-06d24c7 e-flex e-con-boxed e-con e-parent\" data-id=\"06d24c7\" data-element_type=\"container\" data-e-type=\"container\">\n\t\t\t\t\t<div class=\"e-con-inner\">\n\t\t\t\t<div class=\"elementor-element elementor-element-eda6394 elementor-widget elementor-widget-text-editor\" data-id=\"eda6394\" data-element_type=\"widget\" data-e-type=\"widget\" data-widget_type=\"text-editor.default\">\n\t\t\t\t<div class=\"elementor-widget-container\">\n\t\t\t\t\t\t\t\t\t<p>A LOKART 3.0 k\u00fcl\u00f6n\u00f6sen nagy hangs\u00falyt feketetett az egy\u00fcttm\u0171k\u00f6d\u00e9sre a helyi, hazai \u00e9s k\u00fclf\u00f6ldi t\u00e1rsint\u00e9zm\u00e9nyekkel: a p\u00e9csi Janus Pannonius M\u00fazeum, az Ancora Art Gal\u00e9ria, \u00e9s a Nick Gal\u00e9ria k\u00f6zrem\u0171k\u00f6d\u00e9s\u00e9vel rendezz\u00fck meg. K\u00fclf\u00f6ldi partnereink a Lyoni \u00e9s Isztambuli Bienn\u00e1l\u00e9. A ki\u00e1ll\u00edt\u00f3 m\u0171v\u00e9szek k\u00f6z\u00fcl Gozd\u00fc Ilkin, Iz \u00d6ztat, Meltem Isik, Mevre Tuna, Nilbar G\u00fcres P\u00e9cs testv\u00e9rv\u00e1ros\u00e1b\u00f3l, Isztambulb\u00f3l \u00e9rkeztek. Nadezda Kirsanki pedig a Lyoni Bienannl\u00e9n a fiatal alkot\u00f3k programj\u00e1ban szerepelt. A LOKART t\u00e1vlati c\u00e9lja a kapcsolatok a b\u0151v\u00edt\u00e9se itthon \u00e9s k\u00fclf\u00f6ld\u00f6n egyar\u00e1nt, hogy a p\u00e9csi Bienn\u00e1l\u00e9 hamarosan a nemzetk\u00f6zi kort\u00e1rs k\u00e9pz\u0151m\u0171v\u00e9szeti \u00e9letben mark\u00e1nsan jelenlev\u0151 seregszemle legyen.<\/p>\t\t\t\t\t\t\t\t<\/div>\n\t\t\t\t<\/div>\n\t\t<div class=\"elementor-element elementor-element-ffef667 e-con-full e-flex e-con e-child\" data-id=\"ffef667\" data-element_type=\"container\" data-e-type=\"container\">\n\t\t<div class=\"elementor-element elementor-element-aa90f6e e-con-full e-flex e-con e-child\" data-id=\"aa90f6e\" data-element_type=\"container\" data-e-type=\"container\">\n\t\t\t\t<div class=\"elementor-element elementor-element-a92d5d4 elementor-widget elementor-widget-text-editor\" data-id=\"a92d5d4\" data-element_type=\"widget\" data-e-type=\"widget\" data-widget_type=\"text-editor.default\">\n\t\t\t\t<div class=\"elementor-widget-container\">\n\t\t\t\t\t\t\t\t\t<p>Ebben a szellemben k\u00e9sz\u00fclt\u00fcnk eddig is, \u00e9s k\u00e9sz\u00fcl\u00fcnk a j\u00f6v\u0151ben is a 2027-es LOKART 4.0-ra.<\/p>\t\t\t\t\t\t\t\t<\/div>\n\t\t\t\t<\/div>\n\t\t\t\t<\/div>\n\t\t<div class=\"elementor-element elementor-element-aca51fe e-con-full e-flex e-con e-child\" data-id=\"aca51fe\" data-element_type=\"container\" data-e-type=\"container\">\n\t\t\t\t<\/div>\n\t\t\t\t<\/div>\n\t\t\t\t\t<\/div>\n\t\t\t\t<\/div>\n\t\t<div class=\"elementor-element elementor-element-4724251 e-flex e-con-boxed e-con e-parent\" data-id=\"4724251\" data-element_type=\"container\" data-e-type=\"container\">\n\t\t\t\t\t<div class=\"e-con-inner\">\n\t\t\t\t<div class=\"elementor-element elementor-element-94b8df0 elementor-widget-divider--separator-type-pattern elementor-widget-divider--view-line elementor-widget elementor-widget-divider\" data-id=\"94b8df0\" data-element_type=\"widget\" data-e-type=\"widget\" data-widget_type=\"divider.default\">\n\t\t\t\t<div class=\"elementor-widget-container\">\n\t\t\t\t\t\t\t<div class=\"elementor-divider\" style=\"--divider-pattern-url: url(&quot;data:image\/svg+xml,%3Csvg xmlns=&#039;http:\/\/www.w3.org\/2000\/svg&#039; preserveAspectRatio=&#039;none&#039; overflow=&#039;visible&#039; height=&#039;100%&#039; viewBox=&#039;0 0 20 16&#039; fill=&#039;none&#039; stroke=&#039;black&#039; stroke-width=&#039;1&#039; stroke-linecap=&#039;square&#039; stroke-miterlimit=&#039;10&#039;%3E%3Cg transform=&#039;translate(-12.000000, 0)&#039;%3E%3Cpath d=&#039;M28,0L10,18&#039;\/%3E%3Cpath d=&#039;M18,0L0,18&#039;\/%3E%3Cpath d=&#039;M48,0L30,18&#039;\/%3E%3Cpath d=&#039;M38,0L20,18&#039;\/%3E%3C\/g%3E%3C\/svg%3E&quot;);\">\n\t\t\t<span class=\"elementor-divider-separator\">\n\t\t\t\t\t\t<\/span>\n\t\t<\/div>\n\t\t\t\t\t\t<\/div>\n\t\t\t\t<\/div>\n\t\t\t\t\t<\/div>\n\t\t\t\t<\/div>\n\t\t\t\t<\/div>\n\t\t","protected":false},"excerpt":{"rendered":"<p>Lokart Facebook-f Instagram Youtube p\u00e9cs k\u00e9pz\u0151m\u0171v\u00e9szeti bienn\u00e1l\u00e9ja 2025-ben az imm\u00e1r harmadik alkalommal megrendez\u00e9sre ker\u00fcl\u0151 LOKART 3.0 tematik\u00e1j\u00e1t napjaink tal\u00e1n legaktu\u00e1lisabb k\u00e9rd\u00e9se jelenti: &#8221; AZ \u00c9N TESTEM, AZ \u00c9N V\u00c1RAM&#8221;.&nbsp; 2021-ben az els\u0151 LOKART \u2013 kort\u00e1rs k\u00e9pz\u0151m\u0171v\u00e9szeti fesztiv\u00e1l P\u00e9csen azzal a c\u00e9llal, hogy r\u00e1ir\u00e1ny\u00edtsa a figyelmet a v\u00e1ros kort\u00e1rs k\u00e9pz\u0151m\u0171v\u00e9szeti \u00e9let\u00e9re. A ki\u00e1ll\u00edt\u00e1s k\u00e9t ki\u00e1ll\u00edt\u00f3helyen, a &hellip;<\/p>\n<p class=\"read-more\"> <a class=\"\" href=\"https:\/\/lokart.hu\/en\/rolunk\/\"> <span class=\"screen-reader-text\">R\u00f3lunk<\/span> Read More \"<\/a><\/p>","protected":false},"author":2,"featured_media":0,"parent":0,"menu_order":0,"comment_status":"closed","ping_status":"closed","template":"","meta":{"site-sidebar-layout":"no-sidebar","site-content-layout":"page-builder","ast-global-header-display":"","ast-main-header-display":"","ast-hfb-above-header-display":"","ast-hfb-below-header-display":"","ast-hfb-mobile-header-display":"","site-post-title":"disabled","ast-breadcrumbs-content":"","ast-featured-img":"disabled","footer-sml-layout":"","theme-transparent-header-meta":"","adv-header-id-meta":"","stick-header-meta":"","header-above-stick-meta":"","header-main-stick-meta":"","header-below-stick-meta":"","footnotes":""},"class_list":["post-4914","page","type-page","status-publish","hentry"],"_links":{"self":[{"href":"https:\/\/lokart.hu\/en\/wp-json\/wp\/v2\/pages\/4914","targetHints":{"allow":["GET"]}}],"collection":[{"href":"https:\/\/lokart.hu\/en\/wp-json\/wp\/v2\/pages"}],"about":[{"href":"https:\/\/lokart.hu\/en\/wp-json\/wp\/v2\/types\/page"}],"author":[{"embeddable":true,"href":"https:\/\/lokart.hu\/en\/wp-json\/wp\/v2\/users\/2"}],"replies":[{"embeddable":true,"href":"https:\/\/lokart.hu\/en\/wp-json\/wp\/v2\/comments?post=4914"}],"version-history":[{"count":70,"href":"https:\/\/lokart.hu\/en\/wp-json\/wp\/v2\/pages\/4914\/revisions"}],"predecessor-version":[{"id":5605,"href":"https:\/\/lokart.hu\/en\/wp-json\/wp\/v2\/pages\/4914\/revisions\/5605"}],"wp:attachment":[{"href":"https:\/\/lokart.hu\/en\/wp-json\/wp\/v2\/media?parent=4914"}],"curies":[{"name":"wp","href":"https:\/\/api.w.org\/{rel}","templated":true}]}}